{"id":679,"date":"2024-02-22T00:55:27","date_gmt":"2024-02-21T17:55:27","guid":{"rendered":"https:\/\/cryonexus.mx\/?page_id=679"},"modified":"2024-03-09T01:35:11","modified_gmt":"2024-03-08T18:35:11","slug":"servicios","status":"publish","type":"page","link":"https:\/\/cryonexus.mx\/en\/services\/","title":{"rendered":"Services"},"content":{"rendered":"\t\t<div data-elementor-type=\"wp-page\" data-elementor-id=\"679\" class=\"elementor elementor-679\">\n\t\t\t\t<div class=\"elementor-element elementor-element-60e8590 e-flex e-con-boxed e-con e-parent\" data-id=\"60e8590\" data-element_type=\"container\">\n\t\t\t\t\t<div class=\"e-con-inner\">\n\t\t\t\t<div class=\"elementor-element elementor-element-8942ec9 elementor-widget elementor-widget-heading\" data-id=\"8942ec9\" data-element_type=\"widget\" data-widget_type=\"heading.default\">\n\t\t\t\t<div class=\"elementor-widget-container\">\n\t\t\t\t\t<h2 class=\"elementor-heading-title elementor-size-default\">Gesti\u00f3n completa de GNL<\/h2>\t\t\t\t<\/div>\n\t\t\t\t<\/div>\n\t\t\t\t\t<\/div>\n\t\t\t\t<\/div>\n\t\t<div class=\"elementor-element elementor-element-e1c60c3 e-flex e-con-boxed e-con e-parent\" data-id=\"e1c60c3\" data-element_type=\"container\">\n\t\t\t\t\t<div class=\"e-con-inner\">\n\t\t\t\t<div class=\"elementor-element elementor-element-999391e elementor-widget elementor-widget-text-editor\" data-id=\"999391e\" data-element_type=\"widget\" data-widget_type=\"text-editor.default\">\n\t\t\t\t<div class=\"elementor-widget-container\">\n\t\t\t\t\t\t\t\t\t<p class=\"MsoNormal\">Cryonexus gestiona todo el proceso de suministro de GNL, es prioridad que nuestros prospectos no se distraigan en lo referente a sustituir su combustible actual, ya sea di\u00e9sel o GLP encarg\u00e1ndonos de todo lo necesario en el proceso. Desde el an\u00e1lisis de su operaci\u00f3n para identificar los procesos viables, ya con esa informaci\u00f3n podemos preparar el dise\u00f1o adecuado con los equipos, presiones y di\u00e1metros de tuber\u00edas id\u00f3neos. Elaboraremos los planos y memorias t\u00e9cnicas necesarios para someterlo ante las autoridades correspondientes. Una vez acordado con el prospecto, se elaborar\u00e1n los contratos para su representaci\u00f3n ante las autoridades y comenzaremos de haber sido aprobado el proyecto con la construcci\u00f3n de la instalaci\u00f3n de tanques de almacenamiento, regasificadoras, sistemas de regulaci\u00f3n y medici\u00f3n. El cliente de Cryonexus podr\u00e1 confiar en que tiene el apoyo t\u00e9cnico en todo momento para utilizar el GNL.<\/p>\t\t\t\t\t\t\t\t<\/div>\n\t\t\t\t<\/div>\n\t\t\t\t\t<\/div>\n\t\t\t\t<\/div>\n\t\t<div class=\"elementor-element elementor-element-03e7007 e-flex e-con-boxed e-con e-parent\" data-id=\"03e7007\" data-element_type=\"container\">\n\t\t\t\t\t<div class=\"e-con-inner\">\n\t\t\t\t<div class=\"elementor-element elementor-element-75c976e elementor-widget elementor-widget-heading\" data-id=\"75c976e\" data-element_type=\"widget\" data-widget_type=\"heading.default\">\n\t\t\t\t<div class=\"elementor-widget-container\">\n\t\t\t\t\t<h2 class=\"elementor-heading-title elementor-size-default\">Instalaciones de Almacenamiento y Regasificaci\u00f3n de GNL remotas, modulares y sat\u00e9lites<\/h2>\t\t\t\t<\/div>\n\t\t\t\t<\/div>\n\t\t\t\t\t<\/div>\n\t\t\t\t<\/div>\n\t\t<div class=\"elementor-element elementor-element-fd0dc96 e-flex e-con-boxed e-con e-parent\" data-id=\"fd0dc96\" data-element_type=\"container\">\n\t\t\t\t\t<div class=\"e-con-inner\">\n\t\t\t\t<div class=\"elementor-element elementor-element-2f99f4c elementor-widget elementor-widget-text-editor\" data-id=\"2f99f4c\" data-element_type=\"widget\" data-widget_type=\"text-editor.default\">\n\t\t\t\t<div class=\"elementor-widget-container\">\n\t\t\t\t\t\t\t\t\t<p>Cryonexus realiza las instalaciones sat\u00e9lite de regasificaci\u00f3n llave en mano en las tres modalidades principales.<\/p>\t\t\t\t\t\t\t\t<\/div>\n\t\t\t\t<\/div>\n\t\t\t\t\t<\/div>\n\t\t\t\t<\/div>\n\t\t<div class=\"elementor-element elementor-element-dfdd8e8 e-flex e-con-boxed e-con e-parent\" data-id=\"dfdd8e8\" data-element_type=\"container\">\n\t\t\t\t\t<div class=\"e-con-inner\">\n\t\t<div class=\"elementor-element elementor-element-55a5a47 e-con-full e-flex e-con e-child\" data-id=\"55a5a47\" data-element_type=\"container\">\n\t\t\t\t<div class=\"elementor-element elementor-element-ab90eb6 elementor-widget elementor-widget-text-editor\" data-id=\"ab90eb6\" data-element_type=\"widget\" data-widget_type=\"text-editor.default\">\n\t\t\t\t<div class=\"elementor-widget-container\">\n\t\t\t\t\t\t\t\t\t<p><strong>Tipo Atmosf\u00e9rico<\/strong><\/p>\t\t\t\t\t\t\t\t<\/div>\n\t\t\t\t<\/div>\n\t\t\t\t<div class=\"elementor-element elementor-element-01938bb elementor-widget-divider--view-line elementor-widget elementor-widget-divider\" data-id=\"01938bb\" data-element_type=\"widget\" data-widget_type=\"divider.default\">\n\t\t\t\t<div class=\"elementor-widget-container\">\n\t\t\t\t\t\t\t<div class=\"elementor-divider\">\n\t\t\t<span class=\"elementor-divider-separator\">\n\t\t\t\t\t\t<\/span>\n\t\t<\/div>\n\t\t\t\t\t\t<\/div>\n\t\t\t\t<\/div>\n\t\t\t\t<div class=\"elementor-element elementor-element-db5f407 elementor-widget elementor-widget-text-editor\" data-id=\"db5f407\" data-element_type=\"widget\" data-widget_type=\"text-editor.default\">\n\t\t\t\t<div class=\"elementor-widget-container\">\n\t\t\t\t\t\t\t\t\t<p class=\"MsoNormal\">La modalidad atmosf\u00e9rica siendo esta la m\u00e1s com\u00fan y eficiente energ\u00e9ticamente, ya que la elevaci\u00f3n de la temperatura es alcanzada mediante vaporizadores ambientales, en donde el GNL regresa al estado gaseoso desde sus -160\u00baC que permaneci\u00f3 durante su estado l\u00edquido para transportarlo.<\/p>\t\t\t\t\t\t\t\t<\/div>\n\t\t\t\t<\/div>\n\t\t\t\t<\/div>\n\t\t<div class=\"elementor-element elementor-element-8fdba20 e-con-full e-flex e-con e-child\" data-id=\"8fdba20\" data-element_type=\"container\">\n\t\t\t\t<div class=\"elementor-element elementor-element-097a1f7 elementor-widget elementor-widget-text-editor\" data-id=\"097a1f7\" data-element_type=\"widget\" data-widget_type=\"text-editor.default\">\n\t\t\t\t<div class=\"elementor-widget-container\">\n\t\t\t\t\t\t\t\t\t<p><strong>Tipo Mixto<\/strong><\/p>\t\t\t\t\t\t\t\t<\/div>\n\t\t\t\t<\/div>\n\t\t\t\t<div class=\"elementor-element elementor-element-da34f3b elementor-widget-divider--view-line elementor-widget elementor-widget-divider\" data-id=\"da34f3b\" data-element_type=\"widget\" data-widget_type=\"divider.default\">\n\t\t\t\t<div class=\"elementor-widget-container\">\n\t\t\t\t\t\t\t<div class=\"elementor-divider\">\n\t\t\t<span class=\"elementor-divider-separator\">\n\t\t\t\t\t\t<\/span>\n\t\t<\/div>\n\t\t\t\t\t\t<\/div>\n\t\t\t\t<\/div>\n\t\t\t\t<div class=\"elementor-element elementor-element-7c39490 elementor-widget elementor-widget-text-editor\" data-id=\"7c39490\" data-element_type=\"widget\" data-widget_type=\"text-editor.default\">\n\t\t\t\t<div class=\"elementor-widget-container\">\n\t\t\t\t\t\t\t\t\t<p class=\"MsoNormal\">La modalidad mixta es utilizada en zonas m\u00e1s fr\u00edas donde en invierno la temperatura suele ser durante varios d\u00edas inferior a 0\u00baC. En este tipo despu\u00e9s de los vaporizadores ambientales se instala un recalentador para elevar la temperatura del gas a consumo arriba de 10\u00baC.<\/p>\t\t\t\t\t\t\t\t<\/div>\n\t\t\t\t<\/div>\n\t\t\t\t<\/div>\n\t\t<div class=\"elementor-element elementor-element-e8c8bc6 e-con-full e-flex e-con e-child\" data-id=\"e8c8bc6\" data-element_type=\"container\">\n\t\t\t\t<div class=\"elementor-element elementor-element-c1140e1 elementor-widget elementor-widget-text-editor\" data-id=\"c1140e1\" data-element_type=\"widget\" data-widget_type=\"text-editor.default\">\n\t\t\t\t<div class=\"elementor-widget-container\">\n\t\t\t\t\t\t\t\t\t<p><strong>Tipo Forzado<\/strong><\/p>\t\t\t\t\t\t\t\t<\/div>\n\t\t\t\t<\/div>\n\t\t\t\t<div class=\"elementor-element elementor-element-901a5a3 elementor-widget-divider--view-line elementor-widget elementor-widget-divider\" data-id=\"901a5a3\" data-element_type=\"widget\" data-widget_type=\"divider.default\">\n\t\t\t\t<div class=\"elementor-widget-container\">\n\t\t\t\t\t\t\t<div class=\"elementor-divider\">\n\t\t\t<span class=\"elementor-divider-separator\">\n\t\t\t\t\t\t<\/span>\n\t\t<\/div>\n\t\t\t\t\t\t<\/div>\n\t\t\t\t<\/div>\n\t\t\t\t<div class=\"elementor-element elementor-element-bef9089 elementor-widget elementor-widget-text-editor\" data-id=\"bef9089\" data-element_type=\"widget\" data-widget_type=\"text-editor.default\">\n\t\t\t\t<div class=\"elementor-widget-container\">\n\t\t\t\t\t\t\t\t\t<p>La modalidad forzada se implementa cuando el proceso industrial no permite las otras modalidades, mayormente por que el consumo es muy alto y resulta m\u00e1s conveniente un intercambiador el\u00e9ctrico o circuito de agua caliente que instalar un n\u00famero mayor de vaporizadores ambientales, ya sea por espacio o costo de equipo. En esta modalidad el salto t\u00e9rmico va desde -160\u00b0C, hasta 15\u00b0C<span style=\"font-weight: var( --e-global-typography-text-font-weight );\">.<\/span><\/p>\t\t\t\t\t\t\t\t<\/div>\n\t\t\t\t<\/div>\n\t\t\t\t<\/div>\n\t\t\t\t\t<\/div>\n\t\t\t\t<\/div>\n\t\t<div class=\"elementor-element elementor-element-fedb673 e-flex e-con-boxed e-con e-parent\" data-id=\"fedb673\" data-element_type=\"container\">\n\t\t\t\t\t<div class=\"e-con-inner\">\n\t\t\t\t<div class=\"elementor-element elementor-element-d8578b9 elementor-widget elementor-widget-heading\" data-id=\"d8578b9\" data-element_type=\"widget\" data-widget_type=\"heading.default\">\n\t\t\t\t<div class=\"elementor-widget-container\">\n\t\t\t\t\t<h3 class=\"elementor-heading-title elementor-size-default\">\u00bfQu\u00e9 son \u00e9stas instalaciones?<\/h3>\t\t\t\t<\/div>\n\t\t\t\t<\/div>\n\t\t\t\t\t<\/div>\n\t\t\t\t<\/div>\n\t\t<div class=\"elementor-element elementor-element-e81bcb3 e-flex e-con-boxed e-con e-parent\" data-id=\"e81bcb3\" data-element_type=\"container\">\n\t\t\t\t\t<div class=\"e-con-inner\">\n\t\t\t\t<div class=\"elementor-element elementor-element-d68a4c4 elementor-widget elementor-widget-text-editor\" data-id=\"d68a4c4\" data-element_type=\"widget\" data-widget_type=\"text-editor.default\">\n\t\t\t\t<div class=\"elementor-widget-container\">\n\t\t\t\t\t\t\t\t\t<p>Son las instalaciones necesarias empleadas con la finalidad de suministrar Gas Natural o Gas Natural Licuado en\u00a0ubicaciones sin infraestructura de gasoductos.\u00a0 Estas instalaciones son susceptibles a ser reubicadas.<\/p>\t\t\t\t\t\t\t\t<\/div>\n\t\t\t\t<\/div>\n\t\t\t\t\t<\/div>\n\t\t\t\t<\/div>\n\t\t<div class=\"elementor-element elementor-element-d3dbd2e e-flex e-con-boxed e-con e-parent\" data-id=\"d3dbd2e\" data-element_type=\"container\">\n\t\t\t\t\t<div class=\"e-con-inner\">\n\t\t<div class=\"elementor-element elementor-element-ffd62f6 e-con-full e-flex e-con e-child\" data-id=\"ffd62f6\" data-element_type=\"container\">\n\t\t\t\t<div class=\"elementor-element elementor-element-6a25a88 elementor-widget elementor-widget-text-editor\" data-id=\"6a25a88\" data-element_type=\"widget\" data-widget_type=\"text-editor.default\">\n\t\t\t\t<div class=\"elementor-widget-container\">\n\t\t\t\t\t\t\t\t\t<p><strong>01<\/strong><\/p>\t\t\t\t\t\t\t\t<\/div>\n\t\t\t\t<\/div>\n\t\t\t\t<div class=\"elementor-element elementor-element-75cd633 elementor-widget-divider--view-line elementor-widget elementor-widget-divider\" data-id=\"75cd633\" data-element_type=\"widget\" data-widget_type=\"divider.default\">\n\t\t\t\t<div class=\"elementor-widget-container\">\n\t\t\t\t\t\t\t<div class=\"elementor-divider\">\n\t\t\t<span class=\"elementor-divider-separator\">\n\t\t\t\t\t\t<\/span>\n\t\t<\/div>\n\t\t\t\t\t\t<\/div>\n\t\t\t\t<\/div>\n\t\t\t\t<div class=\"elementor-element elementor-element-4b714b5 elementor-widget elementor-widget-text-editor\" data-id=\"4b714b5\" data-element_type=\"widget\" data-widget_type=\"text-editor.default\">\n\t\t\t\t<div class=\"elementor-widget-container\">\n\t\t\t\t\t\t\t\t\t<p>Dise\u00f1amos y certificamos su instalaci\u00f3n de aprovechamiento de GNL<\/p>\t\t\t\t\t\t\t\t<\/div>\n\t\t\t\t<\/div>\n\t\t\t\t<\/div>\n\t\t<div class=\"elementor-element elementor-element-9882256 e-con-full e-flex e-con e-child\" data-id=\"9882256\" data-element_type=\"container\">\n\t\t\t\t<div class=\"elementor-element elementor-element-f43ff5c elementor-widget elementor-widget-text-editor\" data-id=\"f43ff5c\" data-element_type=\"widget\" data-widget_type=\"text-editor.default\">\n\t\t\t\t<div class=\"elementor-widget-container\">\n\t\t\t\t\t\t\t\t\t<p><strong>02<\/strong><\/p>\t\t\t\t\t\t\t\t<\/div>\n\t\t\t\t<\/div>\n\t\t\t\t<div class=\"elementor-element elementor-element-36ba6c0 elementor-widget-divider--view-line elementor-widget elementor-widget-divider\" data-id=\"36ba6c0\" data-element_type=\"widget\" data-widget_type=\"divider.default\">\n\t\t\t\t<div class=\"elementor-widget-container\">\n\t\t\t\t\t\t\t<div class=\"elementor-divider\">\n\t\t\t<span class=\"elementor-divider-separator\">\n\t\t\t\t\t\t<\/span>\n\t\t<\/div>\n\t\t\t\t\t\t<\/div>\n\t\t\t\t<\/div>\n\t\t\t\t<div class=\"elementor-element elementor-element-39371ac elementor-widget elementor-widget-text-editor\" data-id=\"39371ac\" data-element_type=\"widget\" data-widget_type=\"text-editor.default\">\n\t\t\t\t<div class=\"elementor-widget-container\">\n\t\t\t\t\t\t\t\t\t<p>Tramitamos los permisos de la autoridad correspondiente<\/p>\t\t\t\t\t\t\t\t<\/div>\n\t\t\t\t<\/div>\n\t\t\t\t<\/div>\n\t\t<div class=\"elementor-element elementor-element-0f7c18d e-con-full e-flex e-con e-child\" data-id=\"0f7c18d\" data-element_type=\"container\">\n\t\t\t\t<div class=\"elementor-element elementor-element-ff530c7 elementor-widget elementor-widget-text-editor\" data-id=\"ff530c7\" data-element_type=\"widget\" data-widget_type=\"text-editor.default\">\n\t\t\t\t<div class=\"elementor-widget-container\">\n\t\t\t\t\t\t\t\t\t<p><strong>03<\/strong><\/p>\t\t\t\t\t\t\t\t<\/div>\n\t\t\t\t<\/div>\n\t\t\t\t<div class=\"elementor-element elementor-element-16526a8 elementor-widget-divider--view-line elementor-widget elementor-widget-divider\" data-id=\"16526a8\" data-element_type=\"widget\" data-widget_type=\"divider.default\">\n\t\t\t\t<div class=\"elementor-widget-container\">\n\t\t\t\t\t\t\t<div class=\"elementor-divider\">\n\t\t\t<span class=\"elementor-divider-separator\">\n\t\t\t\t\t\t<\/span>\n\t\t<\/div>\n\t\t\t\t\t\t<\/div>\n\t\t\t\t<\/div>\n\t\t\t\t<div class=\"elementor-element elementor-element-bf29f92 elementor-widget elementor-widget-text-editor\" data-id=\"bf29f92\" data-element_type=\"widget\" data-widget_type=\"text-editor.default\">\n\t\t\t\t<div class=\"elementor-widget-container\">\n\t\t\t\t\t\t\t\t\t<p>Construimos la instalaci\u00f3n de GNL con el personal t\u00e9cnico m\u00e1s capacitado<\/p>\t\t\t\t\t\t\t\t<\/div>\n\t\t\t\t<\/div>\n\t\t\t\t<\/div>\n\t\t<div class=\"elementor-element elementor-element-4e304bb e-con-full e-flex e-con e-child\" data-id=\"4e304bb\" data-element_type=\"container\">\n\t\t\t\t<div class=\"elementor-element elementor-element-51b7c86 elementor-widget elementor-widget-text-editor\" data-id=\"51b7c86\" data-element_type=\"widget\" data-widget_type=\"text-editor.default\">\n\t\t\t\t<div class=\"elementor-widget-container\">\n\t\t\t\t\t\t\t\t\t<p><strong>04<\/strong><\/p>\t\t\t\t\t\t\t\t<\/div>\n\t\t\t\t<\/div>\n\t\t\t\t<div class=\"elementor-element elementor-element-018631b elementor-widget-divider--view-line elementor-widget elementor-widget-divider\" data-id=\"018631b\" data-element_type=\"widget\" data-widget_type=\"divider.default\">\n\t\t\t\t<div class=\"elementor-widget-container\">\n\t\t\t\t\t\t\t<div class=\"elementor-divider\">\n\t\t\t<span class=\"elementor-divider-separator\">\n\t\t\t\t\t\t<\/span>\n\t\t<\/div>\n\t\t\t\t\t\t<\/div>\n\t\t\t\t<\/div>\n\t\t\t\t<div class=\"elementor-element elementor-element-79dd845 elementor-widget elementor-widget-text-editor\" data-id=\"79dd845\" data-element_type=\"widget\" data-widget_type=\"text-editor.default\">\n\t\t\t\t<div class=\"elementor-widget-container\">\n\t\t\t\t\t\t\t\t\t<p>Suministramos y monitoreamos los niveles de GNL para su tranquila operaci\u00f3n<\/p>\t\t\t\t\t\t\t\t<\/div>\n\t\t\t\t<\/div>\n\t\t\t\t<\/div>\n\t\t\t\t\t<\/div>\n\t\t\t\t<\/div>\n\t\t<div class=\"elementor-element elementor-element-3dd3b59 e-flex e-con-boxed e-con e-parent\" data-id=\"3dd3b59\" data-element_type=\"container\">\n\t\t\t\t\t<div class=\"e-con-inner\">\n\t\t\t\t<div class=\"elementor-element elementor-element-84c179d elementor-widget elementor-widget-heading\" data-id=\"84c179d\" data-element_type=\"widget\" data-widget_type=\"heading.default\">\n\t\t\t\t<div class=\"elementor-widget-container\">\n\t\t\t\t\t<h2 class=\"elementor-heading-title elementor-size-default\">Estaciones de Regulaci\u00f3n y Medida (ERM)<\/h2>\t\t\t\t<\/div>\n\t\t\t\t<\/div>\n\t\t\t\t\t<\/div>\n\t\t\t\t<\/div>\n\t\t<div class=\"elementor-element elementor-element-9685467 e-flex e-con-boxed e-con e-parent\" data-id=\"9685467\" data-element_type=\"container\">\n\t\t\t\t\t<div class=\"e-con-inner\">\n\t\t\t\t<div class=\"elementor-element elementor-element-a242eeb elementor-widget elementor-widget-text-editor\" data-id=\"a242eeb\" data-element_type=\"widget\" data-widget_type=\"text-editor.default\">\n\t\t\t\t<div class=\"elementor-widget-container\">\n\t\t\t\t\t\t\t\t\t<p class=\"subtitulo\">Dise\u00f1amos, instalamos y mantenemos todo tipo de Estaciones de Regulaci\u00f3n y Medida (ERM) para cualquier presi\u00f3n de suministro. \u00c9stas tienen como funci\u00f3n filtrar impurezas s\u00f3lidas, regular y estabilizar la presi\u00f3n y temperatura de suministro y medir la cantidad suministrada a la instalaci\u00f3n<\/p>\t\t\t\t\t\t\t\t<\/div>\n\t\t\t\t<\/div>\n\t\t\t\t\t<\/div>\n\t\t\t\t<\/div>\n\t\t<div class=\"elementor-element elementor-element-3bfab30 e-flex e-con-boxed e-con e-parent\" data-id=\"3bfab30\" data-element_type=\"container\">\n\t\t\t\t\t<div class=\"e-con-inner\">\n\t\t\t\t<div class=\"elementor-element elementor-element-84ba275 elementor-widget elementor-widget-heading\" data-id=\"84ba275\" data-element_type=\"widget\" data-widget_type=\"heading.default\">\n\t\t\t\t<div class=\"elementor-widget-container\">\n\t\t\t\t\t<h2 class=\"elementor-heading-title elementor-size-default\">Venta de GNL<\/h2>\t\t\t\t<\/div>\n\t\t\t\t<\/div>\n\t\t\t\t\t<\/div>\n\t\t\t\t<\/div>\n\t\t<div class=\"elementor-element elementor-element-650e7da e-flex e-con-boxed e-con e-parent\" data-id=\"650e7da\" data-element_type=\"container\">\n\t\t\t\t\t<div class=\"e-con-inner\">\n\t\t\t\t<div class=\"elementor-element elementor-element-87922b8 elementor-widget elementor-widget-text-editor\" data-id=\"87922b8\" data-element_type=\"widget\" data-widget_type=\"text-editor.default\">\n\t\t\t\t<div class=\"elementor-widget-container\">\n\t\t\t\t\t\t\t\t\t<p>Distribuimos GNL en la zona norte de M\u00e9xico, principalmente en Sonora, Sinaloa y Chihuahua. Garantizando un suministro r\u00e1pido y acorde con sus necesidades. No importa donde est\u00e9 su empresa, en la ciudad, en la sierra o cualquier otro punto.<\/p>\t\t\t\t\t\t\t\t<\/div>\n\t\t\t\t<\/div>\n\t\t\t\t\t<\/div>\n\t\t\t\t<\/div>\n\t\t<div class=\"elementor-element elementor-element-34e812e e-flex e-con-boxed e-con e-parent\" data-id=\"34e812e\" data-element_type=\"container\">\n\t\t\t\t\t<div class=\"e-con-inner\">\n\t\t\t\t<div class=\"elementor-element elementor-element-4edc554 elementor-widget elementor-widget-heading\" data-id=\"4edc554\" data-element_type=\"widget\" data-widget_type=\"heading.default\">\n\t\t\t\t<div class=\"elementor-widget-container\">\n\t\t\t\t\t<h2 class=\"elementor-heading-title elementor-size-default\">Mantenimiento y Asistencia T\u00e9cnica<\/h2>\t\t\t\t<\/div>\n\t\t\t\t<\/div>\n\t\t\t\t\t<\/div>\n\t\t\t\t<\/div>\n\t\t<div class=\"elementor-element elementor-element-01ff0f6 e-flex e-con-boxed e-con e-parent\" data-id=\"01ff0f6\" data-element_type=\"container\">\n\t\t\t\t\t<div class=\"e-con-inner\">\n\t\t\t\t<div class=\"elementor-element elementor-element-12a46c3 elementor-widget elementor-widget-text-editor\" data-id=\"12a46c3\" data-element_type=\"widget\" data-widget_type=\"text-editor.default\">\n\t\t\t\t<div class=\"elementor-widget-container\">\n\t\t\t\t\t\t\t\t\t<p>Cryonexus elaborar\u00e1 su plan de mantenimiento, asegur\u00e1ndose del correcto funcionamiento de tus instalaciones en todo momento. Realizamos monitoreo en sitio y a distancia cuando las condiciones lo permiten. Estableciendo el mantenimiento preventivo y correctivo m\u00e1s completo en instalaciones industriales de GNL.<\/p>\t\t\t\t\t\t\t\t<\/div>\n\t\t\t\t<\/div>\n\t\t\t\t\t<\/div>\n\t\t\t\t<\/div>\n\t\t<div class=\"elementor-element elementor-element-cc57d13 e-flex e-con-boxed e-con e-parent\" data-id=\"cc57d13\" data-element_type=\"container\">\n\t\t\t\t\t<div class=\"e-con-inner\">\n\t\t\t\t<div class=\"elementor-element elementor-element-f8097a8 elementor-widget elementor-widget-heading\" data-id=\"f8097a8\" data-element_type=\"widget\" data-widget_type=\"heading.default\">\n\t\t\t\t<div class=\"elementor-widget-container\">\n\t\t\t\t\t<h2 class=\"elementor-heading-title elementor-size-default\">\u00a1Cont\u00e1ctanos!<\/h2>\t\t\t\t<\/div>\n\t\t\t\t<\/div>\n\t\t\t\t\t<\/div>\n\t\t\t\t<\/div>\n\t\t<div class=\"elementor-element elementor-element-571e3c5 e-flex e-con-boxed e-con e-parent\" data-id=\"571e3c5\" data-element_type=\"container\">\n\t\t\t\t\t<div class=\"e-con-inner\">\n\t\t\t\t<div class=\"elementor-element elementor-element-20b5330 elementor-widget elementor-widget-wpforms\" data-id=\"20b5330\" data-element_type=\"widget\" data-widget_type=\"wpforms.default\">\n\t\t\t\t<div class=\"elementor-widget-container\">\n\t\t\t\t\t<div class=\"wpforms-container wpforms-container-full wpforms-render-modern\" id=\"wpforms-226\"><form id=\"wpforms-form-226\" class=\"wpforms-validate wpforms-form wpforms-ajax-form\" data-formid=\"226\" method=\"post\" enctype=\"multipart\/form-data\" action=\"\/en\/wp-json\/wp\/v2\/pages\/679\" data-token=\"0bb25a607ffdb382ab8614badf76c6e5\" data-token-time=\"1778068018\"><noscript class=\"wpforms-error-noscript\">Please enable JavaScript in your browser to complete this form.<\/noscript><div id=\"wpforms-error-noscript\" style=\"display: none;\">Please enable JavaScript in your browser to complete this form.<\/div><div class=\"wpforms-field-container\"><div id=\"wpforms-226-field_0-container\" class=\"wpforms-field wpforms-field-name\" data-field-id=\"0\"><label class=\"wpforms-field-label\" for=\"wpforms-226-field_0\">Nombre <span class=\"wpforms-required-label\" aria-hidden=\"true\">*<\/span><\/label><input type=\"text\" id=\"wpforms-226-field_0\" class=\"wpforms-field-medium wpforms-field-required\" name=\"wpforms[fields][0]\" aria-errormessage=\"wpforms-226-field_0-error\" required><\/div><div id=\"wpforms-226-field_1-container\" class=\"wpforms-field wpforms-field-email\" data-field-id=\"1\"><label class=\"wpforms-field-label\" for=\"wpforms-226-field_1\">Correo electr\u00f3nico <span class=\"wpforms-required-label\" aria-hidden=\"true\">*<\/span><\/label><input type=\"email\" id=\"wpforms-226-field_1\" class=\"wpforms-field-medium wpforms-field-required\" name=\"wpforms[fields][1]\" spellcheck=\"false\" aria-errormessage=\"wpforms-226-field_1-error\" required><\/div><div id=\"wpforms-226-field_6-container\" class=\"wpforms-field wpforms-field-text\" data-field-id=\"6\"><label class=\"wpforms-field-label\" for=\"wpforms-226-field_6\">Tel\u00e9fono<\/label><input type=\"text\" id=\"wpforms-226-field_6\" class=\"wpforms-field-small\" name=\"wpforms[fields][6]\" aria-errormessage=\"wpforms-226-field_6-error\" ><\/div><div id=\"wpforms-226-field_2-container\" class=\"wpforms-field wpforms-field-textarea\" data-field-id=\"2\"><label class=\"wpforms-field-label\" for=\"wpforms-226-field_2\">Comentario o mensaje<\/label><textarea id=\"wpforms-226-field_2\" class=\"wpforms-field-medium\" name=\"wpforms[fields][2]\" aria-errormessage=\"wpforms-226-field_2-error\" ><\/textarea><\/div><\/div><!-- .wpforms-field-container --><div class=\"wpforms-submit-container\" ><input type=\"hidden\" name=\"wpforms[id]\" value=\"226\"><input type=\"hidden\" name=\"page_title\" value=\"\"><input type=\"hidden\" name=\"page_url\" value=\"https:\/\/cryonexus.mx\/en\/wp-json\/wp\/v2\/pages\/679\"><input type=\"hidden\" name=\"url_referer\" value=\"\"><button type=\"submit\" name=\"wpforms[submit]\" id=\"wpforms-submit-226\" class=\"wpforms-submit\" data-alt-text=\"Enviando...\" data-submit-text=\"Enviar\" aria-live=\"assertive\" value=\"wpforms-submit\">Enviar<\/button><img decoding=\"async\" src=\"https:\/\/cryonexus.mx\/wp-content\/plugins\/wpforms-lite\/assets\/images\/submit-spin.svg\" class=\"wpforms-submit-spinner\" style=\"display: none;\" width=\"26\" height=\"26\" alt=\"Loading\"><\/div><\/form><\/div>  <!-- .wpforms-container -->\t\t\t\t<\/div>\n\t\t\t\t<\/div>\n\t\t\t\t\t<\/div>\n\t\t\t\t<\/div>\n\t\t\t\t<\/div>\n\t\t","protected":false},"excerpt":{"rendered":"<p>Gesti\u00f3n completa de GNL Cryonexus gestiona todo el proceso de suministro de GNL, es prioridad que nuestros prospectos no se distraigan en lo referente a [&hellip;]<\/p>\n","protected":false},"author":1,"featured_media":0,"parent":0,"menu_order":0,"comment_status":"closed","ping_status":"closed","template":"templates\/builder-fullwidth-std.php","meta":{"_monsterinsights_skip_tracking":false,"_monsterinsights_sitenote_active":false,"_monsterinsights_sitenote_note":"","_monsterinsights_sitenote_category":0,"footnotes":""},"aioseo_notices":[],"_links":{"self":[{"href":"https:\/\/cryonexus.mx\/en\/wp-json\/wp\/v2\/pages\/679"}],"collection":[{"href":"https:\/\/cryonexus.mx\/en\/wp-json\/wp\/v2\/pages"}],"about":[{"href":"https:\/\/cryonexus.mx\/en\/wp-json\/wp\/v2\/types\/page"}],"author":[{"embeddable":true,"href":"https:\/\/cryonexus.mx\/en\/wp-json\/wp\/v2\/users\/1"}],"replies":[{"embeddable":true,"href":"https:\/\/cryonexus.mx\/en\/wp-json\/wp\/v2\/comments?post=679"}],"version-history":[{"count":64,"href":"https:\/\/cryonexus.mx\/en\/wp-json\/wp\/v2\/pages\/679\/revisions"}],"predecessor-version":[{"id":894,"href":"https:\/\/cryonexus.mx\/en\/wp-json\/wp\/v2\/pages\/679\/revisions\/894"}],"wp:attachment":[{"href":"https:\/\/cryonexus.mx\/en\/wp-json\/wp\/v2\/media?parent=679"}],"curies":[{"name":"wp","href":"https:\/\/api.w.org\/{rel}","templated":true}]}}