{"id":40,"date":"2024-01-31T08:25:20","date_gmt":"2024-01-31T01:25:20","guid":{"rendered":"https:\/\/cryonexus.mx\/?page_id=40"},"modified":"2024-03-01T23:43:56","modified_gmt":"2024-03-01T16:43:56","slug":"inicio","status":"publish","type":"page","link":"https:\/\/cryonexus.mx\/en\/","title":{"rendered":"Home"},"content":{"rendered":"\t\t<div data-elementor-type=\"wp-page\" data-elementor-id=\"40\" class=\"elementor elementor-40\">\n\t\t\t\t\t\t<section class=\"elementor-section elementor-top-section elementor-element elementor-element-1a58af5c elementor-section-full_width elementor-section-height-min-height elementor-section-height-default elementor-section-items-middle\" data-id=\"1a58af5c\" data-element_type=\"section\" data-settings=\"{&quot;background_background&quot;:&quot;classic&quot;}\">\n\t\t\t\t\t\t\t<div class=\"elementor-background-overlay\"><\/div>\n\t\t\t\t\t\t\t<div class=\"elementor-container elementor-column-gap-default\">\n\t\t\t\t\t<div class=\"elementor-column elementor-col-100 elementor-top-column elementor-element elementor-element-cc2e558\" data-id=\"cc2e558\" data-element_type=\"column\">\n\t\t\t<div class=\"elementor-widget-wrap elementor-element-populated\">\n\t\t\t\t\t\t<section class=\"elementor-section elementor-inner-section elementor-element elementor-element-11f81bcf elementor-section-boxed elementor-section-height-default elementor-section-height-default\" data-id=\"11f81bcf\" data-element_type=\"section\">\n\t\t\t\t\t\t<div class=\"elementor-container elementor-column-gap-default\">\n\t\t\t\t\t<div class=\"elementor-column elementor-col-100 elementor-inner-column elementor-element elementor-element-1e8f7760\" data-id=\"1e8f7760\" data-element_type=\"column\">\n\t\t\t<div class=\"elementor-widget-wrap elementor-element-populated\">\n\t\t\t\t\t\t<div class=\"elementor-element elementor-element-5b9d7165 elementor-widget elementor-widget-heading\" data-id=\"5b9d7165\" data-element_type=\"widget\" data-widget_type=\"heading.default\">\n\t\t\t\t<div class=\"elementor-widget-container\">\n\t\t\t\t\t<h2 class=\"elementor-heading-title elementor-size-default\">Gas Natural Licuado<\/h2>\t\t\t\t<\/div>\n\t\t\t\t<\/div>\n\t\t\t\t<div class=\"elementor-element elementor-element-630dafa8 elementor-widget-divider--view-line elementor-widget elementor-widget-divider\" data-id=\"630dafa8\" data-element_type=\"widget\" data-widget_type=\"divider.default\">\n\t\t\t\t<div class=\"elementor-widget-container\">\n\t\t\t\t\t\t\t<div class=\"elementor-divider\">\n\t\t\t<span class=\"elementor-divider-separator\">\n\t\t\t\t\t\t<\/span>\n\t\t<\/div>\n\t\t\t\t\t\t<\/div>\n\t\t\t\t<\/div>\n\t\t\t\t<div class=\"elementor-element elementor-element-4a747caf elementor-widget-mobile__width-inherit elementor-widget-tablet__width-inherit elementor-widget elementor-widget-text-editor\" data-id=\"4a747caf\" data-element_type=\"widget\" data-widget_type=\"text-editor.default\">\n\t\t\t\t<div class=\"elementor-widget-container\">\n\t\t\t\t\t\t\t\t\t<p>Cryonexus distribuye el combustible f\u00f3sil m\u00e1s limpio y econ\u00f3mico que el planeta y el industrial requiere para el desarrollo sustentable<\/p>\t\t\t\t\t\t\t\t<\/div>\n\t\t\t\t<\/div>\n\t\t\t\t<div class=\"elementor-element elementor-element-1fb7c615 elementor-mobile-align-center elementor-align-center elementor-widget elementor-widget-button\" data-id=\"1fb7c615\" data-element_type=\"widget\" data-widget_type=\"button.default\">\n\t\t\t\t<div class=\"elementor-widget-container\">\n\t\t\t\t\t\t\t\t\t<div class=\"elementor-button-wrapper\">\n\t\t\t\t\t<a class=\"elementor-button elementor-button-link elementor-size-lg\" href=\"#Emisiones\">\n\t\t\t\t\t\t<span class=\"elementor-button-content-wrapper\">\n\t\t\t\t\t\t\t\t\t<span class=\"elementor-button-text\">Leer M\u00e1s<\/span>\n\t\t\t\t\t<\/span>\n\t\t\t\t\t<\/a>\n\t\t\t\t<\/div>\n\t\t\t\t\t\t\t\t<\/div>\n\t\t\t\t<\/div>\n\t\t\t\t\t<\/div>\n\t\t<\/div>\n\t\t\t\t\t<\/div>\n\t\t<\/section>\n\t\t\t\t\t<\/div>\n\t\t<\/div>\n\t\t\t\t\t<\/div>\n\t\t<\/section>\n\t\t<div class=\"elementor-element elementor-element-d4226a4 e-flex e-con-boxed e-con e-parent\" data-id=\"d4226a4\" data-element_type=\"container\">\n\t\t\t\t\t<div class=\"e-con-inner\">\n\t\t\t\t<div class=\"elementor-element elementor-element-e240716 elementor-widget elementor-widget-spacer\" data-id=\"e240716\" data-element_type=\"widget\" data-widget_type=\"spacer.default\">\n\t\t\t\t<div class=\"elementor-widget-container\">\n\t\t\t\t\t\t\t<div class=\"elementor-spacer\">\n\t\t\t<div class=\"elementor-spacer-inner\"><\/div>\n\t\t<\/div>\n\t\t\t\t\t\t<\/div>\n\t\t\t\t<\/div>\n\t\t\t\t\t<\/div>\n\t\t\t\t<\/div>\n\t\t<div class=\"elementor-element elementor-element-a20db27 e-flex e-con-boxed e-con e-parent\" data-id=\"a20db27\" data-element_type=\"container\" id=\"Emisiones\">\n\t\t\t\t\t<div class=\"e-con-inner\">\n\t\t<div class=\"elementor-element elementor-element-1c35b8e e-con-full e-flex e-con e-child\" data-id=\"1c35b8e\" data-element_type=\"container\">\n\t\t\t\t<div class=\"elementor-element elementor-element-fba1a28 elementor-widget elementor-widget-heading\" data-id=\"fba1a28\" data-element_type=\"widget\" data-widget_type=\"heading.default\">\n\t\t\t\t<div class=\"elementor-widget-container\">\n\t\t\t\t\t<h2 class=\"elementor-heading-title elementor-size-default\">Emisiones Atmosf\u00e9ricas<br>GNL vs. Di\u00e9sel<\/h2>\t\t\t\t<\/div>\n\t\t\t\t<\/div>\n\t\t\t\t<div class=\"elementor-element elementor-element-eea0610 elementor-widget elementor-widget-text-editor\" data-id=\"eea0610\" data-element_type=\"widget\" data-widget_type=\"text-editor.default\">\n\t\t\t\t<div class=\"elementor-widget-container\">\n\t\t\t\t\t\t\t\t\t<p>Tomando como ejemplo una pipa de 20,000 L de Di\u00e9sel que contiene 680 MMBtu en energ\u00eda, durante su combusti\u00f3n se emiten al ambiente los siguientes contaminantes:<\/p><p>\u00a0<\/p><p>470kg SOx, 31kg PM, 1,600kg NOx, 50,900kg CO2.<\/p><p>\u00a0<\/p><p>De acuerdo con lo anterior, los 680MMBtu en su equivalente para GNL emitir\u00edan lo siguiente:<\/p><p>\u00a0<\/p><p>0.01kg SOx, 2kg PM, 40kg NOx, 30,900kg CO2<\/p>\t\t\t\t\t\t\t\t<\/div>\n\t\t\t\t<\/div>\n\t\t\t\t<\/div>\n\t\t<div class=\"elementor-element elementor-element-f6b8449 e-con-full e-flex e-con e-child\" data-id=\"f6b8449\" data-element_type=\"container\">\n\t\t\t\t<div class=\"elementor-element elementor-element-8ed9d59 elementor-widget elementor-widget-image\" data-id=\"8ed9d59\" data-element_type=\"widget\" data-widget_type=\"image.default\">\n\t\t\t\t<div class=\"elementor-widget-container\">\n\t\t\t\t\t\t\t\t\t\t\t\t\t\t\t<img fetchpriority=\"high\" decoding=\"async\" width=\"640\" height=\"409\" src=\"https:\/\/cryonexus.mx\/wp-content\/uploads\/2024\/02\/Comp_GNL_Diesel-1024x655.png\" class=\"attachment-large size-large wp-image-734\" alt=\"\" srcset=\"https:\/\/cryonexus.mx\/wp-content\/uploads\/2024\/02\/Comp_GNL_Diesel-1024x655.png 1024w, https:\/\/cryonexus.mx\/wp-content\/uploads\/2024\/02\/Comp_GNL_Diesel-300x192.png 300w, https:\/\/cryonexus.mx\/wp-content\/uploads\/2024\/02\/Comp_GNL_Diesel-768x491.png 768w, https:\/\/cryonexus.mx\/wp-content\/uploads\/2024\/02\/Comp_GNL_Diesel-1536x982.png 1536w, https:\/\/cryonexus.mx\/wp-content\/uploads\/2024\/02\/Comp_GNL_Diesel-18x12.png 18w, https:\/\/cryonexus.mx\/wp-content\/uploads\/2024\/02\/Comp_GNL_Diesel.png 1759w\" sizes=\"(max-width: 640px) 100vw, 640px\" \/>\t\t\t\t\t\t\t\t\t\t\t\t\t\t\t<\/div>\n\t\t\t\t<\/div>\n\t\t\t\t<\/div>\n\t\t\t\t\t<\/div>\n\t\t\t\t<\/div>\n\t\t<div class=\"elementor-element elementor-element-17fc8b8 e-flex e-con-boxed e-con e-parent\" data-id=\"17fc8b8\" data-element_type=\"container\">\n\t\t\t\t\t<div class=\"e-con-inner\">\n\t\t<div class=\"elementor-element elementor-element-7459dca e-con-full e-flex e-con e-child\" data-id=\"7459dca\" data-element_type=\"container\">\n\t\t\t\t<div class=\"elementor-element elementor-element-53bdaeb elementor-widget elementor-widget-heading\" data-id=\"53bdaeb\" data-element_type=\"widget\" data-widget_type=\"heading.default\">\n\t\t\t\t<div class=\"elementor-widget-container\">\n\t\t\t\t\t<h2 class=\"elementor-heading-title elementor-size-default\">Reducci\u00f3n de Emisiones<\/h2>\t\t\t\t<\/div>\n\t\t\t\t<\/div>\n\t\t\t\t<div class=\"elementor-element elementor-element-b288c64 elementor-widget elementor-widget-text-editor\" data-id=\"b288c64\" data-element_type=\"widget\" data-widget_type=\"text-editor.default\">\n\t\t\t\t<div class=\"elementor-widget-container\">\n\t\t\t\t\t\t\t\t\t<p>Es muy significativa la reducci\u00f3n de emisiones cuando se utiliza GNL en sustituci\u00f3n del Diesel, como se muestra en la gr\u00e1fica adjunta donde se observa que se reducen sus emisiones de SOx 100%, NOx 97%, PM 93% y CO2 33%. As\u00ed mismo generando ahorros econ\u00f3micos de hasta 50% al sustituir di\u00e9sel por GNL y hasta 30%\u00a0al sustituir GLP por GNL\u00a0para sus procesos industriales.<\/p>\t\t\t\t\t\t\t\t<\/div>\n\t\t\t\t<\/div>\n\t\t\t\t<\/div>\n\t\t<div class=\"elementor-element elementor-element-3156a0a e-con-full e-flex e-con e-child\" data-id=\"3156a0a\" data-element_type=\"container\">\n\t\t\t\t<div class=\"elementor-element elementor-element-6fadd70 elementor-widget elementor-widget-image\" data-id=\"6fadd70\" data-element_type=\"widget\" data-widget_type=\"image.default\">\n\t\t\t\t<div class=\"elementor-widget-container\">\n\t\t\t\t\t\t\t\t\t\t\t\t\t\t\t<img decoding=\"async\" width=\"640\" height=\"464\" src=\"https:\/\/cryonexus.mx\/wp-content\/uploads\/2024\/02\/Reduccion_GNL_Diesel-1024x743.png\" class=\"attachment-large size-large wp-image-754\" alt=\"\" srcset=\"https:\/\/cryonexus.mx\/wp-content\/uploads\/2024\/02\/Reduccion_GNL_Diesel-1024x743.png 1024w, https:\/\/cryonexus.mx\/wp-content\/uploads\/2024\/02\/Reduccion_GNL_Diesel-300x218.png 300w, https:\/\/cryonexus.mx\/wp-content\/uploads\/2024\/02\/Reduccion_GNL_Diesel-768x558.png 768w, https:\/\/cryonexus.mx\/wp-content\/uploads\/2024\/02\/Reduccion_GNL_Diesel-1536x1115.png 1536w, https:\/\/cryonexus.mx\/wp-content\/uploads\/2024\/02\/Reduccion_GNL_Diesel-2048x1487.png 2048w, https:\/\/cryonexus.mx\/wp-content\/uploads\/2024\/02\/Reduccion_GNL_Diesel-18x12.png 18w\" sizes=\"(max-width: 640px) 100vw, 640px\" \/>\t\t\t\t\t\t\t\t\t\t\t\t\t\t\t<\/div>\n\t\t\t\t<\/div>\n\t\t\t\t<\/div>\n\t\t\t\t\t<\/div>\n\t\t\t\t<\/div>\n\t\t<div class=\"elementor-element elementor-element-6716513 e-flex e-con-boxed e-con e-parent\" data-id=\"6716513\" data-element_type=\"container\">\n\t\t\t\t\t<div class=\"e-con-inner\">\n\t\t<div class=\"elementor-element elementor-element-1db9b0e e-con-full e-flex e-con e-child\" data-id=\"1db9b0e\" data-element_type=\"container\">\n\t\t\t\t<div class=\"elementor-element elementor-element-7e23a03 elementor-widget elementor-widget-heading\" data-id=\"7e23a03\" data-element_type=\"widget\" data-widget_type=\"heading.default\">\n\t\t\t\t<div class=\"elementor-widget-container\">\n\t\t\t\t\t<h2 class=\"elementor-heading-title elementor-size-default\">Reducci\u00f3n de Costos<\/h2>\t\t\t\t<\/div>\n\t\t\t\t<\/div>\n\t\t\t\t<\/div>\n\t\t<div class=\"elementor-element elementor-element-70b3c44 e-con-full e-flex e-con e-child\" data-id=\"70b3c44\" data-element_type=\"container\">\n\t\t\t\t<div class=\"elementor-element elementor-element-b467e9e elementor-widget elementor-widget-counter\" data-id=\"b467e9e\" data-element_type=\"widget\" data-widget_type=\"counter.default\">\n\t\t\t\t<div class=\"elementor-widget-container\">\n\t\t\t\t\t\t\t<div class=\"elementor-counter\">\n\t\t\t<div class=\"elementor-counter-title\">Ahorro posible sobre el Di\u00e9sel\u200b<\/div>\t\t\t<div class=\"elementor-counter-number-wrapper\">\n\t\t\t\t<span class=\"elementor-counter-number-prefix\">-<\/span>\n\t\t\t\t<span class=\"elementor-counter-number\" data-duration=\"2000\" data-to-value=\"50\" data-from-value=\"0\" data-delimiter=\",\">0<\/span>\n\t\t\t\t<span class=\"elementor-counter-number-suffix\">%<\/span>\n\t\t\t<\/div>\n\t\t<\/div>\n\t\t\t\t\t\t<\/div>\n\t\t\t\t<\/div>\n\t\t\t\t<\/div>\n\t\t<div class=\"elementor-element elementor-element-1a9b861 e-con-full e-flex e-con e-child\" data-id=\"1a9b861\" data-element_type=\"container\">\n\t\t\t\t<div class=\"elementor-element elementor-element-99e5b03 elementor-widget elementor-widget-counter\" data-id=\"99e5b03\" data-element_type=\"widget\" data-widget_type=\"counter.default\">\n\t\t\t\t<div class=\"elementor-widget-container\">\n\t\t\t\t\t\t\t<div class=\"elementor-counter\">\n\t\t\t<div class=\"elementor-counter-title\">Ahorro posible sobre el GLP\u200b<\/div>\t\t\t<div class=\"elementor-counter-number-wrapper\">\n\t\t\t\t<span class=\"elementor-counter-number-prefix\"><\/span>\n\t\t\t\t<span class=\"elementor-counter-number\" data-duration=\"2000\" data-to-value=\"-30\" data-from-value=\"0\" data-delimiter=\",\">0<\/span>\n\t\t\t\t<span class=\"elementor-counter-number-suffix\">%<\/span>\n\t\t\t<\/div>\n\t\t<\/div>\n\t\t\t\t\t\t<\/div>\n\t\t\t\t<\/div>\n\t\t\t\t<\/div>\n\t\t\t\t\t<\/div>\n\t\t\t\t<\/div>\n\t\t<div class=\"elementor-element elementor-element-d568631 e-flex e-con-boxed e-con e-parent\" data-id=\"d568631\" data-element_type=\"container\">\n\t\t\t\t\t<div class=\"e-con-inner\">\n\t\t\t\t<div class=\"elementor-element elementor-element-71484cc elementor-widget elementor-widget-text-editor\" data-id=\"71484cc\" data-element_type=\"widget\" data-widget_type=\"text-editor.default\">\n\t\t\t\t<div class=\"elementor-widget-container\">\n\t\t\t\t\t\t\t\t\t<p>Si su empresa tiene interes en reducir las emisiones contaminantes y lograr un ahorro en el gasto de combustibles, permitanos conocer su operaci\u00f3n y vol\u00famenes peri\u00f3dicos de consumo de combustibles para que nuestro personal t\u00e9cnico le prepare sin costo ni compromiso una propuesta de opciones para su transici\u00f3n al combustible f\u00f3sil mas amigable con el medio ambiente.<\/p><p>\u00a0<\/p><p>Al disminuir las emisiones contaminantes estamos contribuyendo a los esfuerzos ante la lucha contra el cambio clim\u00e1tico.<\/p>\t\t\t\t\t\t\t\t<\/div>\n\t\t\t\t<\/div>\n\t\t\t\t\t<\/div>\n\t\t\t\t<\/div>\n\t\t<div class=\"elementor-element elementor-element-279f858 e-flex e-con-boxed e-con e-parent\" data-id=\"279f858\" data-element_type=\"container\">\n\t\t\t\t\t<div class=\"e-con-inner\">\n\t\t<div class=\"elementor-element elementor-element-db40bdd e-con-full e-flex e-con e-child\" data-id=\"db40bdd\" data-element_type=\"container\">\n\t\t\t\t<div class=\"elementor-element elementor-element-bbd5d2f elementor-view-stacked elementor-shape-circle elementor-widget elementor-widget-icon\" data-id=\"bbd5d2f\" data-element_type=\"widget\" data-widget_type=\"icon.default\">\n\t\t\t\t<div class=\"elementor-widget-container\">\n\t\t\t\t\t\t\t<div class=\"elementor-icon-wrapper\">\n\t\t\t<a class=\"elementor-icon\" href=\"https:\/\/wa.me\/526323214910\">\n\t\t\t<svg aria-hidden=\"true\" class=\"e-font-icon-svg e-fab-whatsapp\" viewBox=\"0 0 448 512\" xmlns=\"http:\/\/www.w3.org\/2000\/svg\"><path d=\"M380.9 97.1C339 55.1 283.2 32 223.9 32c-122.4 0-222 99.6-222 222 0 39.1 10.2 77.3 29.6 111L0 480l117.7-30.9c32.4 17.7 68.9 27 106.1 27h.1c122.3 0 224.1-99.6 224.1-222 0-59.3-25.2-115-67.1-157zm-157 341.6c-33.2 0-65.7-8.9-94-25.7l-6.7-4-69.8 18.3L72 359.2l-4.4-7c-18.5-29.4-28.2-63.3-28.2-98.2 0-101.7 82.8-184.5 184.6-184.5 49.3 0 95.6 19.2 130.4 54.1 34.8 34.9 56.2 81.2 56.1 130.5 0 101.8-84.9 184.6-186.6 184.6zm101.2-138.2c-5.5-2.8-32.8-16.2-37.9-18-5.1-1.9-8.8-2.8-12.5 2.8-3.7 5.6-14.3 18-17.6 21.8-3.2 3.7-6.5 4.2-12 1.4-32.6-16.3-54-29.1-75.5-66-5.7-9.8 5.7-9.1 16.3-30.3 1.8-3.7.9-6.9-.5-9.7-1.4-2.8-12.5-30.1-17.1-41.2-4.5-10.8-9.1-9.3-12.5-9.5-3.2-.2-6.9-.2-10.6-.2-3.7 0-9.7 1.4-14.8 6.9-5.1 5.6-19.4 19-19.4 46.3 0 27.3 19.9 53.7 22.6 57.4 2.8 3.7 39.1 59.7 94.8 83.8 35.2 15.2 49 16.5 66.6 13.9 10.7-1.6 32.8-13.4 37.4-26.4 4.6-13 4.6-24.1 3.2-26.4-1.3-2.5-5-3.9-10.5-6.6z\"><\/path><\/svg>\t\t\t<\/a>\n\t\t<\/div>\n\t\t\t\t\t\t<\/div>\n\t\t\t\t<\/div>\n\t\t\t\t<\/div>\n\t\t<div class=\"elementor-element elementor-element-56e8e35 e-con-full e-flex e-con e-child\" data-id=\"56e8e35\" data-element_type=\"container\">\n\t\t\t\t<div class=\"elementor-element elementor-element-a753d2c elementor-widget elementor-widget-text-editor\" data-id=\"a753d2c\" data-element_type=\"widget\" data-widget_type=\"text-editor.default\">\n\t\t\t\t<div class=\"elementor-widget-container\">\n\t\t\t\t\t\t\t\t\t<p>Cont\u00e1ctenos en este momento si as\u00ed lo desea por WhatsApp, oprimiendo el \u00edcono.<\/p>\t\t\t\t\t\t\t\t<\/div>\n\t\t\t\t<\/div>\n\t\t\t\t<div class=\"elementor-element elementor-element-bb983a0 elementor-widget elementor-widget-text-editor\" data-id=\"bb983a0\" data-element_type=\"widget\" data-widget_type=\"text-editor.default\">\n\t\t\t\t<div class=\"elementor-widget-container\">\n\t\t\t\t\t\t\t\t\t<p>Si desea ser contactado v\u00eda correo o tel\u00e9fono, d\u00e9jenos sus datos.<\/p>\t\t\t\t\t\t\t\t<\/div>\n\t\t\t\t<\/div>\n\t\t\t\t<\/div>\n\t\t\t\t\t<\/div>\n\t\t\t\t<\/div>\n\t\t<div class=\"elementor-element elementor-element-1a2c8c9 e-flex e-con-boxed e-con e-parent\" data-id=\"1a2c8c9\" data-element_type=\"container\">\n\t\t\t\t\t<div class=\"e-con-inner\">\n\t\t\t\t<div class=\"elementor-element elementor-element-a69f406 elementor-widget elementor-widget-wpforms\" data-id=\"a69f406\" data-element_type=\"widget\" data-widget_type=\"wpforms.default\">\n\t\t\t\t<div class=\"elementor-widget-container\">\n\t\t\t\t\t<div class=\"wpforms-container wpforms-container-full wpforms-render-modern\" id=\"wpforms-226\"><form id=\"wpforms-form-226\" class=\"wpforms-validate wpforms-form wpforms-ajax-form\" data-formid=\"226\" method=\"post\" enctype=\"multipart\/form-data\" action=\"\/en\/wp-json\/wp\/v2\/pages\/40\" data-token=\"0bb25a607ffdb382ab8614badf76c6e5\" data-token-time=\"1778066306\"><noscript class=\"wpforms-error-noscript\">Please enable JavaScript in your browser to complete this form.<\/noscript><div id=\"wpforms-error-noscript\" style=\"display: none;\">Please enable JavaScript in your browser to complete this form.<\/div><div class=\"wpforms-field-container\"><div id=\"wpforms-226-field_0-container\" class=\"wpforms-field wpforms-field-name\" data-field-id=\"0\"><label class=\"wpforms-field-label\" for=\"wpforms-226-field_0\">Nombre <span class=\"wpforms-required-label\" aria-hidden=\"true\">*<\/span><\/label><input type=\"text\" id=\"wpforms-226-field_0\" class=\"wpforms-field-medium wpforms-field-required\" name=\"wpforms[fields][0]\" aria-errormessage=\"wpforms-226-field_0-error\" required><\/div><div id=\"wpforms-226-field_1-container\" class=\"wpforms-field wpforms-field-email\" data-field-id=\"1\"><label class=\"wpforms-field-label\" for=\"wpforms-226-field_1\">Correo electr\u00f3nico <span class=\"wpforms-required-label\" aria-hidden=\"true\">*<\/span><\/label><input type=\"email\" id=\"wpforms-226-field_1\" class=\"wpforms-field-medium wpforms-field-required\" name=\"wpforms[fields][1]\" spellcheck=\"false\" aria-errormessage=\"wpforms-226-field_1-error\" required><\/div><div id=\"wpforms-226-field_6-container\" class=\"wpforms-field wpforms-field-text\" data-field-id=\"6\"><label class=\"wpforms-field-label\" for=\"wpforms-226-field_6\">Tel\u00e9fono<\/label><input type=\"text\" id=\"wpforms-226-field_6\" class=\"wpforms-field-small\" name=\"wpforms[fields][6]\" aria-errormessage=\"wpforms-226-field_6-error\" ><\/div><div id=\"wpforms-226-field_2-container\" class=\"wpforms-field wpforms-field-textarea\" data-field-id=\"2\"><label class=\"wpforms-field-label\" for=\"wpforms-226-field_2\">Comentario o mensaje<\/label><textarea id=\"wpforms-226-field_2\" class=\"wpforms-field-medium\" name=\"wpforms[fields][2]\" aria-errormessage=\"wpforms-226-field_2-error\" ><\/textarea><\/div><\/div><!-- .wpforms-field-container --><div class=\"wpforms-submit-container\" ><input type=\"hidden\" name=\"wpforms[id]\" value=\"226\"><input type=\"hidden\" name=\"page_title\" value=\"\"><input type=\"hidden\" name=\"page_url\" value=\"https:\/\/cryonexus.mx\/en\/wp-json\/wp\/v2\/pages\/40\"><input type=\"hidden\" name=\"url_referer\" value=\"\"><button type=\"submit\" name=\"wpforms[submit]\" id=\"wpforms-submit-226\" class=\"wpforms-submit\" data-alt-text=\"Enviando...\" data-submit-text=\"Enviar\" aria-live=\"assertive\" value=\"wpforms-submit\">Enviar<\/button><img decoding=\"async\" src=\"https:\/\/cryonexus.mx\/wp-content\/plugins\/wpforms-lite\/assets\/images\/submit-spin.svg\" class=\"wpforms-submit-spinner\" style=\"display: none;\" width=\"26\" height=\"26\" alt=\"Loading\"><\/div><\/form><\/div>  <!-- .wpforms-container -->\t\t\t\t<\/div>\n\t\t\t\t<\/div>\n\t\t\t\t\t<\/div>\n\t\t\t\t<\/div>\n\t\t<div class=\"elementor-element elementor-element-d32c895 elementor-hidden-desktop elementor-hidden-tablet elementor-hidden-mobile e-flex e-con-boxed e-con e-parent\" data-id=\"d32c895\" data-element_type=\"container\">\n\t\t\t\t\t<div class=\"e-con-inner\">\n\t\t\t\t<div class=\"elementor-element elementor-element-b1903b3 elementor-widget elementor-widget-heading\" data-id=\"b1903b3\" data-element_type=\"widget\" data-widget_type=\"heading.default\">\n\t\t\t\t<div class=\"elementor-widget-container\">\n\t\t\t\t\t<h2 class=\"elementor-heading-title elementor-size-default\"><h2 data-elementor-setting-key=\"title\" data-pen-placeholder=\"Teclea aqu\u00ed...\" style=\"font-weight: var( --e-global-typography-primary-font-weight );font-family: var( --e-global-typography-primary-font-family ), Sans-serif\">\u00bfQu\u00e9 es el Gas Natural Licuado?<\/h2><\/h2>\t\t\t\t<\/div>\n\t\t\t\t<\/div>\n\t\t\t\t\t<\/div>\n\t\t\t\t<\/div>\n\t\t<div class=\"elementor-element elementor-element-b4079da elementor-hidden-desktop elementor-hidden-tablet elementor-hidden-mobile e-flex e-con-boxed e-con e-parent\" data-id=\"b4079da\" data-element_type=\"container\">\n\t\t\t\t\t<div class=\"e-con-inner\">\n\t\t\t\t<div class=\"elementor-element elementor-element-519f80a elementor-widget elementor-widget-text-editor\" data-id=\"519f80a\" data-element_type=\"widget\" data-widget_type=\"text-editor.default\">\n\t\t\t\t<div class=\"elementor-widget-container\">\n\t\t\t\t\t\t\t\t\t<p>El Gas Natural Licuado (GNL) es una forma vers\u00e1til y eficiente de almacenar y transportar gas natural. Se produce mediante un proceso de licuefacci\u00f3n que implica enfriar el gas natural a una temperatura de aproximadamente -160\u00b0C, convirti\u00e9ndolo en un l\u00edquido m\u00e1s denso. Esta transformaci\u00f3n reduce significativamente su volumen, facilitando su almacenamiento y transporte en comparaci\u00f3n con el gas natural en estado gaseoso. El GNL se caracteriza por ocupar cerca de 600 veces menos espacio que su contraparte en fase gaseosa, lo que posibilita su distribuci\u00f3n a largas distancias de manera econ\u00f3mica y segura. Esta forma de energ\u00eda ofrece una soluci\u00f3n eficiente para diversificar la matriz energ\u00e9tica, con aplicaciones que van desde la generaci\u00f3n de electricidad hasta su uso como combustible en el transporte mar\u00edtimo y terrestre, contribuyendo as\u00ed a la b\u00fasqueda de alternativas m\u00e1s limpias y sostenibles en el panorama energ\u00e9tico global.<br><\/p>\t\t\t\t\t\t\t\t<\/div>\n\t\t\t\t<\/div>\n\t\t\t\t\t<\/div>\n\t\t\t\t<\/div>\n\t\t\t\t<\/div>\n\t\t","protected":false},"excerpt":{"rendered":"<p>Gas Natural Licuado Cryonexus distribuye el combustible f\u00f3sil m\u00e1s limpio y econ\u00f3mico que el planeta y el industrial requiere para el desarrollo sustentable Leer M\u00e1s [&hellip;]<\/p>\n","protected":false},"author":1,"featured_media":0,"parent":0,"menu_order":0,"comment_status":"closed","ping_status":"closed","template":"templates\/builder-fullwidth-std.php","meta":{"_monsterinsights_skip_tracking":false,"_monsterinsights_sitenote_active":false,"_monsterinsights_sitenote_note":"","_monsterinsights_sitenote_category":0,"footnotes":""},"aioseo_notices":[],"_links":{"self":[{"href":"https:\/\/cryonexus.mx\/en\/wp-json\/wp\/v2\/pages\/40"}],"collection":[{"href":"https:\/\/cryonexus.mx\/en\/wp-json\/wp\/v2\/pages"}],"about":[{"href":"https:\/\/cryonexus.mx\/en\/wp-json\/wp\/v2\/types\/page"}],"author":[{"embeddable":true,"href":"https:\/\/cryonexus.mx\/en\/wp-json\/wp\/v2\/users\/1"}],"replies":[{"embeddable":true,"href":"https:\/\/cryonexus.mx\/en\/wp-json\/wp\/v2\/comments?post=40"}],"version-history":[{"count":374,"href":"https:\/\/cryonexus.mx\/en\/wp-json\/wp\/v2\/pages\/40\/revisions"}],"predecessor-version":[{"id":868,"href":"https:\/\/cryonexus.mx\/en\/wp-json\/wp\/v2\/pages\/40\/revisions\/868"}],"wp:attachment":[{"href":"https:\/\/cryonexus.mx\/en\/wp-json\/wp\/v2\/media?parent=40"}],"curies":[{"name":"wp","href":"https:\/\/api.w.org\/{rel}","templated":true}]}}